{"id":12,"date":"2021-05-24T08:19:58","date_gmt":"2021-05-24T08:19:58","guid":{"rendered":"https:\/\/www.gastrofestival-kh.cz\/?page_id=12"},"modified":"2025-05-27T06:59:59","modified_gmt":"2025-05-27T06:59:59","slug":"program","status":"publish","type":"page","link":"https:\/\/www.gastrofestival-kh.cz\/index.php\/program\/","title":{"rendered":"Program"},"content":{"rendered":"\n<p>Milovn\u00edci dobr\u00e9ho j\u00eddla, pozor! Chyst\u00e1me pro v\u00e1s jedine\u010dn\u00fd gastrofestival pln\u00fd lahodn\u00fdch chut\u00ed, v\u016fn\u00ed a skv\u011bl\u00e9 atmosf\u00e9ry<strong>.<\/strong>\ud83c\udf7d\ufe0f\ud83c\udfb6<\/p>\n\n\n\n<p><\/p>\n\n\n\n<p>Vstup na akci je zdarma, p\u0159ipraven\u00e9 pokrmy a n\u00e1poje si n\u00e1v\u0161t\u011bvn\u00edci standardn\u011b zakupuj\u00ed. <\/p>\n\n\n\n<figure class=\"wp-block-image size-large\"><img loading=\"lazy\" width=\"714\" height=\"1024\" src=\"https:\/\/www.gastrofestival-kh.cz\/wp-content\/uploads\/2025\/05\/PRINT_Gastrofestival-2025-A3-714x1024.jpg\" alt=\"\" class=\"wp-image-760\" srcset=\"https:\/\/www.gastrofestival-kh.cz\/wp-content\/uploads\/2025\/05\/PRINT_Gastrofestival-2025-A3-714x1024.jpg 714w, https:\/\/www.gastrofestival-kh.cz\/wp-content\/uploads\/2025\/05\/PRINT_Gastrofestival-2025-A3-209x300.jpg 209w, https:\/\/www.gastrofestival-kh.cz\/wp-content\/uploads\/2025\/05\/PRINT_Gastrofestival-2025-A3-768x1101.jpg 768w, https:\/\/www.gastrofestival-kh.cz\/wp-content\/uploads\/2025\/05\/PRINT_Gastrofestival-2025-A3-1072x1536.jpg 1072w, https:\/\/www.gastrofestival-kh.cz\/wp-content\/uploads\/2025\/05\/PRINT_Gastrofestival-2025-A3-1429x2048.jpg 1429w, https:\/\/www.gastrofestival-kh.cz\/wp-content\/uploads\/2025\/05\/PRINT_Gastrofestival-2025-A3-42x60.jpg 42w, https:\/\/www.gastrofestival-kh.cz\/wp-content\/uploads\/2025\/05\/PRINT_Gastrofestival-2025-A3.jpg 1652w\" sizes=\"(max-width: 714px) 100vw, 714px\" \/><\/figure>\n","protected":false},"excerpt":{"rendered":"<p>Milovn\u00edci dobr\u00e9ho j\u00eddla, pozor! Chyst\u00e1me pro v\u00e1s jedine\u010dn\u00fd gastrofestival pln\u00fd lahodn\u00fdch chut\u00ed, v\u016fn\u00ed a skv\u011bl\u00e9 atmosf\u00e9ry.\ud83c\udf7d\ufe0f\ud83c\udfb6 Vstup na akci je zdarma, p\u0159ipraven\u00e9 pokrmy a n\u00e1poje &hellip; <\/p>\n","protected":false},"author":4,"featured_media":0,"parent":0,"menu_order":0,"comment_status":"closed","ping_status":"closed","template":"","meta":[],"_links":{"self":[{"href":"https:\/\/www.gastrofestival-kh.cz\/index.php\/wp-json\/wp\/v2\/pages\/12"}],"collection":[{"href":"https:\/\/www.gastrofestival-kh.cz\/index.php\/wp-json\/wp\/v2\/pages"}],"about":[{"href":"https:\/\/www.gastrofestival-kh.cz\/index.php\/wp-json\/wp\/v2\/types\/page"}],"author":[{"embeddable":true,"href":"https:\/\/www.gastrofestival-kh.cz\/index.php\/wp-json\/wp\/v2\/users\/4"}],"replies":[{"embeddable":true,"href":"https:\/\/www.gastrofestival-kh.cz\/index.php\/wp-json\/wp\/v2\/comments?post=12"}],"version-history":[{"count":23,"href":"https:\/\/www.gastrofestival-kh.cz\/index.php\/wp-json\/wp\/v2\/pages\/12\/revisions"}],"predecessor-version":[{"id":761,"href":"https:\/\/www.gastrofestival-kh.cz\/index.php\/wp-json\/wp\/v2\/pages\/12\/revisions\/761"}],"wp:attachment":[{"href":"https:\/\/www.gastrofestival-kh.cz\/index.php\/wp-json\/wp\/v2\/media?parent=12"}],"curies":[{"name":"wp","href":"https:\/\/api.w.org\/{rel}","templated":true}]}}