{"id":8,"date":"2021-05-24T08:17:10","date_gmt":"2021-05-24T08:17:10","guid":{"rendered":"https:\/\/www.gastrofestival-kh.cz\/?page_id=8"},"modified":"2025-12-17T08:49:49","modified_gmt":"2025-12-17T08:49:49","slug":"kontakt","status":"publish","type":"page","link":"https:\/\/www.gastrofestival-kh.cz\/index.php\/kontakt\/","title":{"rendered":"Kontakt"},"content":{"rendered":"\n<p><strong>Po\u0159adatel:&nbsp;<\/strong><br>Spolek pro obnovu vina\u0159stv\u00ed na Kutnohorsku, z.s.<br>Ji\u0159\u00edho z Pod\u011bbrad 288, Kutn\u00e1 Hora<\/p>\n\n\n\n<p><strong>Kontaktn\u00ed osoba<\/strong><br><strong>&#8211; organizace, propagace<\/strong><br>Hana Bendov\u00e1<br>telefon: 736 536 489<br>e-mail: <a href=\"mailto:hana.bendova@vinokutnahora.cz\" target=\"_blank\" rel=\"noreferrer noopener\">hana.bendova@vinokutnahora.cz<\/a><\/p>\n\n\n\n<p><strong><strong>&#8211; registrace prodejc\u016f<\/strong><\/strong><br>Radka Francov\u00e1<br>telefon: 775 105 985<br>e-mail: <a rel=\"noreferrer noopener\" href=\"mailto:radka.francova@vinokutnahora.cz\" target=\"_blank\">radka.francova@vinokutnahora.cz<\/a><object height=\"0\"><\/p>\n","protected":false},"excerpt":{"rendered":"<p>Po\u0159adatel:&nbsp;Spolek pro obnovu vina\u0159stv\u00ed na Kutnohorsku, z.s.Ji\u0159\u00edho z Pod\u011bbrad 288, Kutn\u00e1 Hora Kontaktn\u00ed osoba&#8211; organizace, propagaceHana Bendov\u00e1telefon: 736 536 489e-mail: hana.bendova@vinokutnahora.cz &#8211; registrace prodejc\u016fRadka Francov\u00e1telefon: &hellip; <\/p>\n","protected":false},"author":4,"featured_media":0,"parent":0,"menu_order":0,"comment_status":"closed","ping_status":"closed","template":"","meta":[],"_links":{"self":[{"href":"https:\/\/www.gastrofestival-kh.cz\/index.php\/wp-json\/wp\/v2\/pages\/8"}],"collection":[{"href":"https:\/\/www.gastrofestival-kh.cz\/index.php\/wp-json\/wp\/v2\/pages"}],"about":[{"href":"https:\/\/www.gastrofestival-kh.cz\/index.php\/wp-json\/wp\/v2\/types\/page"}],"author":[{"embeddable":true,"href":"https:\/\/www.gastrofestival-kh.cz\/index.php\/wp-json\/wp\/v2\/users\/4"}],"replies":[{"embeddable":true,"href":"https:\/\/www.gastrofestival-kh.cz\/index.php\/wp-json\/wp\/v2\/comments?post=8"}],"version-history":[{"count":5,"href":"https:\/\/www.gastrofestival-kh.cz\/index.php\/wp-json\/wp\/v2\/pages\/8\/revisions"}],"predecessor-version":[{"id":770,"href":"https:\/\/www.gastrofestival-kh.cz\/index.php\/wp-json\/wp\/v2\/pages\/8\/revisions\/770"}],"wp:attachment":[{"href":"https:\/\/www.gastrofestival-kh.cz\/index.php\/wp-json\/wp\/v2\/media?parent=8"}],"curies":[{"name":"wp","href":"https:\/\/api.w.org\/{rel}","templated":true}]}}